{"id":320,"date":"2021-03-31T10:33:19","date_gmt":"2021-03-31T10:33:19","guid":{"rendered":"https:\/\/bridge425.qodeinteractive.com\/?page_id=320"},"modified":"2023-11-27T21:09:17","modified_gmt":"2023-11-27T18:09:17","slug":"blog","status":"publish","type":"page","link":"https:\/\/maxlive.com.tr\/fr\/blog\/","title":{"rendered":"Blog"},"content":{"rendered":"\t\t<div data-elementor-type=\"wp-page\" data-elementor-id=\"320\" class=\"elementor elementor-320\">\n\t\t\t\t\t\t\t<div class=\"elementor-element elementor-element-4c677d8 e-flex e-con-boxed parallax_section_no qode_elementor_container_no e-con e-parent\" data-id=\"4c677d8\" data-element_type=\"container\" data-settings=\"{&quot;content_width&quot;:&quot;boxed&quot;}\" data-core-v316-plus=\"true\">\n\t\t\t\t\t<div class=\"e-con-inner\">\n\t\t<div class=\"elementor-element elementor-element-1bd57a4 e-con-full e-flex parallax_section_no qode_elementor_container_no e-con e-child\" data-id=\"1bd57a4\" data-element_type=\"container\" data-settings=\"{&quot;content_width&quot;:&quot;full&quot;}\">\n\t\t\t\t<div class=\"elementor-element elementor-element-50767e0 elementor-widget elementor-widget-image\" data-id=\"50767e0\" data-element_type=\"widget\" data-widget_type=\"image.default\">\n\t\t\t\t<div class=\"elementor-widget-container\">\n\t\t\t<style>\/*! elementor - v3.17.0 - 25-10-2023 *\/\n.elementor-widget-image{text-align:center}.elementor-widget-image a{display:inline-block}.elementor-widget-image a img[src$=\".svg\"]{width:48px}.elementor-widget-image img{vertical-align:middle;display:inline-block}<\/style>\t\t\t\t\t\t\t\t\t\t\t\t<img fetchpriority=\"high\" decoding=\"async\" width=\"213\" height=\"320\" src=\"https:\/\/maxlive.com.tr\/fr\/wp-content\/uploads\/2023\/11\/maxlive-blog.jpg\" class=\"attachment-large size-large wp-image-801\" alt=\"\" srcset=\"https:\/\/maxlive.com.tr\/fr\/wp-content\/uploads\/2023\/11\/maxlive-blog.jpg 213w, https:\/\/maxlive.com.tr\/fr\/wp-content\/uploads\/2023\/11\/maxlive-blog-200x300.jpg 200w\" sizes=\"(max-width: 213px) 100vw, 213px\" \/>\t\t\t\t\t\t\t\t\t\t\t\t\t\t\t<\/div>\n\t\t\t\t<\/div>\n\t\t\t\t<\/div>\n\t\t<div class=\"elementor-element elementor-element-02f5aaa e-con-full e-flex parallax_section_no qode_elementor_container_no e-con e-child\" data-id=\"02f5aaa\" data-element_type=\"container\" data-settings=\"{&quot;content_width&quot;:&quot;full&quot;}\">\n\t\t\t\t<div class=\"elementor-element elementor-element-59ab065 elementor-widget elementor-widget-heading\" data-id=\"59ab065\" data-element_type=\"widget\" data-widget_type=\"heading.default\">\n\t\t\t\t<div class=\"elementor-widget-container\">\n\t\t\t<style>\/*! elementor - v3.17.0 - 25-10-2023 *\/\n.elementor-heading-title{padding:0;margin:0;line-height:1}.elementor-widget-heading .elementor-heading-title[class*=elementor-size-]>a{color:inherit;font-size:inherit;line-height:inherit}.elementor-widget-heading .elementor-heading-title.elementor-size-small{font-size:15px}.elementor-widget-heading .elementor-heading-title.elementor-size-medium{font-size:19px}.elementor-widget-heading .elementor-heading-title.elementor-size-large{font-size:29px}.elementor-widget-heading .elementor-heading-title.elementor-size-xl{font-size:39px}.elementor-widget-heading .elementor-heading-title.elementor-size-xxl{font-size:59px}<\/style><h2 class=\"elementor-heading-title elementor-size-default\">HISTOIRE DE MAXLIVE<\/h2>\t\t<\/div>\n\t\t\t\t<\/div>\n\t\t\t\t<div class=\"elementor-element elementor-element-70a2e9b elementor-widget elementor-widget-text-editor\" data-id=\"70a2e9b\" data-element_type=\"widget\" data-widget_type=\"text-editor.default\">\n\t\t\t\t<div class=\"elementor-widget-container\">\n\t\t\t<style>\/*! elementor - v3.17.0 - 25-10-2023 *\/\n.elementor-widget-text-editor.elementor-drop-cap-view-stacked .elementor-drop-cap{background-color:#69727d;color:#fff}.elementor-widget-text-editor.elementor-drop-cap-view-framed .elementor-drop-cap{color:#69727d;border:3px solid;background-color:transparent}.elementor-widget-text-editor:not(.elementor-drop-cap-view-default) .elementor-drop-cap{margin-top:8px}.elementor-widget-text-editor:not(.elementor-drop-cap-view-default) .elementor-drop-cap-letter{width:1em;height:1em}.elementor-widget-text-editor .elementor-drop-cap{float:left;text-align:center;line-height:1;font-size:50px}.elementor-widget-text-editor .elementor-drop-cap-letter{display:inline-block}<\/style>\t\t\t\t&#8220;Au cours de notre voyage qui a d\u00e9but\u00e9 en 1992 avec des cr\u00e9ations originales et avant-gardistes, notre objectif \u00e9tait de donner un sens \u00e0 l&#8217;essence de la f\u00e9minit\u00e9 \u00e0 travers nos cr\u00e9ations, sans cat\u00e9goriser la forme f\u00e9minine ou alt\u00e9rer son identit\u00e9.\n\n\n\n\nJamais oblig\u00e9s de choisir entre le confort et le style, nos collections, compos\u00e9es de pi\u00e8ces distinctives, innovantes et tourn\u00e9es vers l&#8217;avenir, nous permettent d&#8217;\u00eatre toujours \u00e0 la pointe de la technologie.\n\n&#8221;MAXLIVE OFFICIAL&#8221;\t\t\t\t\t\t<\/div>\n\t\t\t\t<\/div>\n\t\t\t\t<\/div>\n\t\t\t\t\t<\/div>\n\t\t\t\t<\/div>\n\t\t<div class=\"elementor-element elementor-element-885f672 e-flex e-con-boxed parallax_section_no qode_elementor_container_no e-con e-parent\" data-id=\"885f672\" data-element_type=\"container\" data-settings=\"{&quot;content_width&quot;:&quot;boxed&quot;}\" data-core-v316-plus=\"true\">\n\t\t\t\t\t<div class=\"e-con-inner\">\n\t\t\t\t<div class=\"elementor-element elementor-element-5ff4b35 elementor-widget elementor-widget-image\" data-id=\"5ff4b35\" data-element_type=\"widget\" data-widget_type=\"image.default\">\n\t\t\t\t<div class=\"elementor-widget-container\">\n\t\t\t\t\t\t\t\t\t\t\t\t\t\t\t<img decoding=\"async\" width=\"640\" height=\"452\" src=\"https:\/\/maxlive.com.tr\/fr\/wp-content\/uploads\/2023\/11\/maxlive-blog-2.jpg\" class=\"attachment-large size-large wp-image-800\" alt=\"\" srcset=\"https:\/\/maxlive.com.tr\/fr\/wp-content\/uploads\/2023\/11\/maxlive-blog-2.jpg 640w, https:\/\/maxlive.com.tr\/fr\/wp-content\/uploads\/2023\/11\/maxlive-blog-2-600x424.jpg 600w, https:\/\/maxlive.com.tr\/fr\/wp-content\/uploads\/2023\/11\/maxlive-blog-2-300x212.jpg 300w\" sizes=\"(max-width: 640px) 100vw, 640px\" \/>\t\t\t\t\t\t\t\t\t\t\t\t\t\t\t<\/div>\n\t\t\t\t<\/div>\n\t\t\t\t\t<\/div>\n\t\t\t\t<\/div>\n\t\t\t\t\t\t\t<\/div>\n\t\t","protected":false},"excerpt":{"rendered":"<p>HISTOIRE DE MAXLIVE &#8220;Au cours de notre voyage qui a d\u00e9but\u00e9 en 1992 avec des cr\u00e9ations originales et avant-gardistes, notre objectif \u00e9tait de donner un sens \u00e0 l&#8217;essence de la f\u00e9minit\u00e9 \u00e0 travers nos cr\u00e9ations, sans cat\u00e9goriser la forme f\u00e9minine ou alt\u00e9rer son identit\u00e9. Jamais&#8230;<\/p>\n","protected":false},"author":1,"featured_media":0,"parent":0,"menu_order":0,"comment_status":"closed","ping_status":"closed","template":"","meta":{"footnotes":""},"class_list":["post-320","page","type-page","status-publish","hentry"],"_links":{"self":[{"href":"https:\/\/maxlive.com.tr\/fr\/wp-json\/wp\/v2\/pages\/320","targetHints":{"allow":["GET"]}}],"collection":[{"href":"https:\/\/maxlive.com.tr\/fr\/wp-json\/wp\/v2\/pages"}],"about":[{"href":"https:\/\/maxlive.com.tr\/fr\/wp-json\/wp\/v2\/types\/page"}],"author":[{"embeddable":true,"href":"https:\/\/maxlive.com.tr\/fr\/wp-json\/wp\/v2\/users\/1"}],"replies":[{"embeddable":true,"href":"https:\/\/maxlive.com.tr\/fr\/wp-json\/wp\/v2\/comments?post=320"}],"version-history":[{"count":10,"href":"https:\/\/maxlive.com.tr\/fr\/wp-json\/wp\/v2\/pages\/320\/revisions"}],"predecessor-version":[{"id":1157,"href":"https:\/\/maxlive.com.tr\/fr\/wp-json\/wp\/v2\/pages\/320\/revisions\/1157"}],"wp:attachment":[{"href":"https:\/\/maxlive.com.tr\/fr\/wp-json\/wp\/v2\/media?parent=320"}],"curies":[{"name":"wp","href":"https:\/\/api.w.org\/{rel}","templated":true}]}}